{"id":3000,"date":"2023-12-10T22:40:21","date_gmt":"2023-12-10T22:40:21","guid":{"rendered":"https:\/\/miyazaki.pl\/?page_id=3000"},"modified":"2023-12-10T22:40:21","modified_gmt":"2023-12-10T22:40:21","slug":"platnosci","status":"publish","type":"page","link":"https:\/\/miyazaki.pl\/index.php\/platnosci\/","title":{"rendered":"P\u0142atno\u015bci"},"content":{"rendered":"\n<p>1. Klient ma do wyboru nast\u0119puj\u0105ce formy p\u0142atno\u015bci:<\/p>\n\n\n\n<p>\u200b<\/p>\n\n\n\n<p>a) przelewem \u2013 w\u00f3wczas Sklep&nbsp;wysy\u0142a towar&nbsp;na adres wskazany przez Klienta po zaksi\u0119gowaniu wp\u0142aty na rachunku bankowym wskazanym w tym celu na stronie internetowej Sklepu b\u0105d\u017a w emailu do Klienta<\/p>\n\n\n\n<p>b)<\/p>\n\n\n\n<ul>\n<li>karta p\u0142atnicza&nbsp;\u2013 Visa, Visa Electron, MasterCard, Maestro, MasterCard Electronic<\/li>\n\n\n\n<li>Przelewy24<\/li>\n<\/ul>\n\n\n\n<p>c) za pobraniem<\/p>\n\n\n\n<p>d) w inny spos\u00f3b, je\u017celi jest on okre\u015blony na stronie internetowej Sklepu.<\/p>\n\n\n\n<p>2. Ceny przesy\u0142ek okre\u015blone s\u0105 w cenniku dostawy.<\/p>\n\n\n\n<p>3. Warunkiem wydania towaru jest zap\u0142ata za przesy\u0142k\u0119<\/p>\n","protected":false},"excerpt":{"rendered":"<p>1. Klient ma do wyboru nast\u0119puj\u0105ce formy p\u0142atno\u015bci: \u200b a) przelewem \u2013 w\u00f3wczas Sklep&nbsp;wysy\u0142a towar&nbsp;na&hellip;<\/p>\n","protected":false},"author":1,"featured_media":0,"parent":0,"menu_order":0,"comment_status":"closed","ping_status":"closed","template":"","meta":{"footnotes":""},"yoast_head":"<!-- This site is optimized with the Yoast SEO plugin v21.7 - https:\/\/yoast.com\/wordpress\/plugins\/seo\/ -->\n<title>P\u0142atno\u015bci - M\u00f3j Blog<\/title>\n<meta name=\"robots\" content=\"index, follow, max-snippet:-1, max-image-preview:large, max-video-preview:-1\" \/>\n<link rel=\"canonical\" href=\"https:\/\/miyazaki.pl\/index.php\/platnosci\/\" \/>\n<meta property=\"og:locale\" content=\"pl_PL\" \/>\n<meta property=\"og:type\" content=\"article\" \/>\n<meta property=\"og:title\" content=\"P\u0142atno\u015bci - M\u00f3j Blog\" \/>\n<meta property=\"og:description\" content=\"1. Klient ma do wyboru nast\u0119puj\u0105ce formy p\u0142atno\u015bci: \u200b a) przelewem \u2013 w\u00f3wczas Sklep&nbsp;wysy\u0142a towar&nbsp;na&hellip;\" \/>\n<meta property=\"og:url\" content=\"https:\/\/miyazaki.pl\/index.php\/platnosci\/\" \/>\n<meta property=\"og:site_name\" content=\"M\u00f3j Blog\" \/>\n<meta name=\"twitter:card\" content=\"summary_large_image\" \/>\n<script type=\"application\/ld+json\" class=\"yoast-schema-graph\">{\"@context\":\"https:\/\/schema.org\",\"@graph\":[{\"@type\":\"WebPage\",\"@id\":\"https:\/\/miyazaki.pl\/index.php\/platnosci\/\",\"url\":\"https:\/\/miyazaki.pl\/index.php\/platnosci\/\",\"name\":\"P\u0142atno\u015bci - M\u00f3j Blog\",\"isPartOf\":{\"@id\":\"https:\/\/miyazaki.pl\/#website\"},\"datePublished\":\"2023-12-10T22:40:21+00:00\",\"dateModified\":\"2023-12-10T22:40:21+00:00\",\"breadcrumb\":{\"@id\":\"https:\/\/miyazaki.pl\/index.php\/platnosci\/#breadcrumb\"},\"inLanguage\":\"pl-PL\",\"potentialAction\":[{\"@type\":\"ReadAction\",\"target\":[\"https:\/\/miyazaki.pl\/index.php\/platnosci\/\"]}]},{\"@type\":\"BreadcrumbList\",\"@id\":\"https:\/\/miyazaki.pl\/index.php\/platnosci\/#breadcrumb\",\"itemListElement\":[{\"@type\":\"ListItem\",\"position\":1,\"name\":\"Strona g\u0142\u00f3wna\",\"item\":\"https:\/\/miyazaki.pl\/\"},{\"@type\":\"ListItem\",\"position\":2,\"name\":\"P\u0142atno\u015bci\"}]},{\"@type\":\"WebSite\",\"@id\":\"https:\/\/miyazaki.pl\/#website\",\"url\":\"https:\/\/miyazaki.pl\/\",\"name\":\"M\u00f3j Blog\",\"description\":\"Miyazaki86\",\"potentialAction\":[{\"@type\":\"SearchAction\",\"target\":{\"@type\":\"EntryPoint\",\"urlTemplate\":\"https:\/\/miyazaki.pl\/?s={search_term_string}\"},\"query-input\":\"required name=search_term_string\"}],\"inLanguage\":\"pl-PL\"}]}<\/script>\n<!-- \/ Yoast SEO plugin. -->","yoast_head_json":{"title":"P\u0142atno\u015bci - M\u00f3j Blog","robots":{"index":"index","follow":"follow","max-snippet":"max-snippet:-1","max-image-preview":"max-image-preview:large","max-video-preview":"max-video-preview:-1"},"canonical":"https:\/\/miyazaki.pl\/index.php\/platnosci\/","og_locale":"pl_PL","og_type":"article","og_title":"P\u0142atno\u015bci - M\u00f3j Blog","og_description":"1. Klient ma do wyboru nast\u0119puj\u0105ce formy p\u0142atno\u015bci: \u200b a) przelewem \u2013 w\u00f3wczas Sklep&nbsp;wysy\u0142a towar&nbsp;na&hellip;","og_url":"https:\/\/miyazaki.pl\/index.php\/platnosci\/","og_site_name":"M\u00f3j Blog","twitter_card":"summary_large_image","schema":{"@context":"https:\/\/schema.org","@graph":[{"@type":"WebPage","@id":"https:\/\/miyazaki.pl\/index.php\/platnosci\/","url":"https:\/\/miyazaki.pl\/index.php\/platnosci\/","name":"P\u0142atno\u015bci - M\u00f3j Blog","isPartOf":{"@id":"https:\/\/miyazaki.pl\/#website"},"datePublished":"2023-12-10T22:40:21+00:00","dateModified":"2023-12-10T22:40:21+00:00","breadcrumb":{"@id":"https:\/\/miyazaki.pl\/index.php\/platnosci\/#breadcrumb"},"inLanguage":"pl-PL","potentialAction":[{"@type":"ReadAction","target":["https:\/\/miyazaki.pl\/index.php\/platnosci\/"]}]},{"@type":"BreadcrumbList","@id":"https:\/\/miyazaki.pl\/index.php\/platnosci\/#breadcrumb","itemListElement":[{"@type":"ListItem","position":1,"name":"Strona g\u0142\u00f3wna","item":"https:\/\/miyazaki.pl\/"},{"@type":"ListItem","position":2,"name":"P\u0142atno\u015bci"}]},{"@type":"WebSite","@id":"https:\/\/miyazaki.pl\/#website","url":"https:\/\/miyazaki.pl\/","name":"M\u00f3j Blog","description":"Miyazaki86","potentialAction":[{"@type":"SearchAction","target":{"@type":"EntryPoint","urlTemplate":"https:\/\/miyazaki.pl\/?s={search_term_string}"},"query-input":"required name=search_term_string"}],"inLanguage":"pl-PL"}]}},"_links":{"self":[{"href":"https:\/\/miyazaki.pl\/index.php\/wp-json\/wp\/v2\/pages\/3000"}],"collection":[{"href":"https:\/\/miyazaki.pl\/index.php\/wp-json\/wp\/v2\/pages"}],"about":[{"href":"https:\/\/miyazaki.pl\/index.php\/wp-json\/wp\/v2\/types\/page"}],"author":[{"embeddable":true,"href":"https:\/\/miyazaki.pl\/index.php\/wp-json\/wp\/v2\/users\/1"}],"replies":[{"embeddable":true,"href":"https:\/\/miyazaki.pl\/index.php\/wp-json\/wp\/v2\/comments?post=3000"}],"version-history":[{"count":1,"href":"https:\/\/miyazaki.pl\/index.php\/wp-json\/wp\/v2\/pages\/3000\/revisions"}],"predecessor-version":[{"id":3001,"href":"https:\/\/miyazaki.pl\/index.php\/wp-json\/wp\/v2\/pages\/3000\/revisions\/3001"}],"wp:attachment":[{"href":"https:\/\/miyazaki.pl\/index.php\/wp-json\/wp\/v2\/media?parent=3000"}],"curies":[{"name":"wp","href":"https:\/\/api.w.org\/{rel}","templated":true}]}}