{"id":3002,"date":"2023-12-10T22:41:28","date_gmt":"2023-12-10T22:41:28","guid":{"rendered":"https:\/\/miyazaki.pl\/?page_id=3002"},"modified":"2025-10-24T06:24:29","modified_gmt":"2025-10-24T06:24:29","slug":"regulamin-sklepu","status":"publish","type":"page","link":"https:\/\/miyazaki.pl\/index.php\/regulamin-sklepu\/","title":{"rendered":"Regulamin Sklepu"},"content":{"rendered":"\n<h3 class=\"wp-block-heading\">\u00a71&nbsp;Postanowienia<\/h3>\n\n\n\n<p>1. Sklep internetowy&nbsp;\u201eSklep\u201d&nbsp;prowadzi sprzeda\u017c detaliczn\u0105 za po\u015brednictwem Internetu, na podstawie niniejszego Regulaminu zwanym dalej \u201eRegulaminem\u201d<\/p>\n\n\n\n<p>2. W\u0142a\u015bcicielem Sklepu jest&nbsp;<strong>FABRYKA KOSZULEK Sp. z o.o.<\/strong>&nbsp;<strong> Ul. Marii Drozd 10<\/strong>,&nbsp;<strong>Tarn\u00f3w  33-100<\/strong><\/p>\n\n\n\n<p>&nbsp; &nbsp; NIP&nbsp;<strong>8733279284<\/strong><\/p>\n\n\n\n<p>3. Regulamin jest integraln\u0105 cz\u0119\u015bci\u0105 umowy sprzeda\u017cy zawieranej z Klientem.<\/p>\n\n\n\n<p>4. Warunkiem zawarcia umowy sprzeda\u017cy jest akceptacja Regulaminu przez Klienta.<\/p>\n\n\n\n<p>5. Ceny podane w Sklepie s\u0105 cenami brutto.<\/p>\n\n\n\n<p>6. Towary dost\u0119pne w Sklepie s\u0105 wolne od wad fizycznych i prawnych.<\/p>\n\n\n\n<p>\u200b<\/p>\n\n\n\n<h3 class=\"wp-block-heading\">\u00a72&nbsp;Zam\u00f3wienia<\/h3>\n\n\n\n<p>1. Zam\u00f3wienia mo\u017cna sk\u0142ada\u0107 w nast\u0119puj\u0105cy spos\u00f3b:<\/p>\n\n\n\n<p>a) poprzez formularz dost\u0119pny na stronie internetowej Sklepu,<\/p>\n\n\n\n<p>2. Warunkiem realizacji zam\u00f3wienia jest podanie przez Klienta danych pozwalaj\u0105cych na weryfikacj\u0119 Klienta i odbiorcy towaru. Sklep potwierdza przyj\u0119cie zam\u00f3wienia emailem lub telefonicznie. Sklep ma prawo odm\u00f3wi\u0107 przyj\u0119cia zam\u00f3wienia, ograniczy\u0107 spos\u00f3b p\u0142atno\u015bci lub \u017c\u0105da\u0107 przedp\u0142aty w przypadku, gdy zam\u00f3wienie budzi uzasadnione w\u0105tpliwo\u015bci co do prawdziwo\u015bci i rzetelno\u015bci podanych danych b\u0105d\u017a sposobu zap\u0142aty.<\/p>\n\n\n\n<p>3. Dla stron wi\u0105\u017c\u0105ce s\u0105 informacje zawarte na stronie internetowej Sklepu przy kupowanym towarze w momencie z\u0142o\u017cenia zam\u00f3wienia, w szczeg\u00f3lno\u015bci: cena, charakterystyka towaru, jego cechy, elementy wchodz\u0105ce w sk\u0142ad zestawu, termin i spos\u00f3b dostawy.<\/p>\n\n\n\n<p>4. Informacje znajduj\u0105ce si\u0119 na stronie internetowej Sklepu nie stanowi\u0105 oferty w rozumieniu Kodeksu Cywilnego. Do zawarcia umowy sprzeda\u017cy dochodzi z chwil\u0105 potwierdzenia Zam\u00f3wienia przez Klienta poprzez dokonanie p\u0142atno\u015bci.<\/p>\n\n\n\n<p>5. Sklep realizuje zam\u00f3wienia wy\u0142\u0105cznie na terenie Polski.<\/p>\n\n\n\n<p>\u200b<\/p>\n\n\n\n<p>\u00a73 P\u0142atno\u015bci<\/p>\n\n\n\n<p>\u200b<\/p>\n\n\n\n<p>1. Klient ma do wyboru nast\u0119puj\u0105ce formy p\u0142atno\u015bci:<\/p>\n\n\n\n<p>\u200b<\/p>\n\n\n\n<p>a) przelewem \u2013 w\u00f3wczas Sklep&nbsp;wysy\u0142a towar&nbsp;na adres wskazany przez Klienta po zaksi\u0119gowaniu wp\u0142aty na rachunku bankowym wskazanym w tym celu na stronie internetowej Sklepu b\u0105d\u017a w emailu do Klienta<\/p>\n\n\n\n<p>b)<\/p>\n\n\n\n<ul>\n<li>karta p\u0142atnicza&nbsp;\u2013 Visa, Visa Electron, MasterCard, Maestro, MasterCard Electronic<\/li>\n\n\n\n<li>Przelewy24<\/li>\n<\/ul>\n\n\n\n<p>c) za pobraniem<\/p>\n\n\n\n<p>d) w inny spos\u00f3b, je\u017celi jest on okre\u015blony na stronie internetowej Sklepu.<\/p>\n\n\n\n<p>2. Ceny przesy\u0142ek okre\u015blone s\u0105 w cenniku dostawy.<\/p>\n\n\n\n<p>3. Warunkiem wydania towaru jest zap\u0142ata za przesy\u0142k\u0119<\/p>\n\n\n\n<h3 class=\"wp-block-heading\">\u00a74&nbsp;Wysy\u0142ka towaru<\/h3>\n\n\n\n<p>1. Zam\u00f3wiony towar Sklep wysy\u0142a za po\u015brednictwem firmy wysy\u0142kowej InPost korzystaj\u0105c z us\u0142ugi kurierskiej bezpo\u015brednio do klienta pod wskazany adres, lub na \u017cyczenie klienta do paczkomatu.&nbsp;Istnieje mo\u017cliwo\u015b\u0107&nbsp;odbioru przez klienta w siedzibie firmy.<\/p>\n\n\n\n<p>2. W przypadku p\u0142atno\u015bci w inny spos\u00f3b ni\u017c za pobraniem, termin wysy\u0142ki wyd\u0142u\u017ca si\u0119 o okres pomi\u0119dzy z\u0142o\u017ceniem zam\u00f3wienia, a dat\u0105 zaksi\u0119gowania nale\u017cno\u015bci na rachunku bankowym Sklepu. W przypadku p\u0142atno\u015bci online za po\u015brednictwem systemu Przelewy24,&nbsp;realizacja zam\u00f3wienia nast\u0119puje po pozytywnej autoryzacji online<\/p>\n\n\n\n<p>3. Sklep realizuje zam\u00f3wienia wy\u0142\u0105cznie na terenie Polski.<\/p>\n\n\n\n<h3 class=\"wp-block-heading\">\u00a75&nbsp;Reklamacje<\/h3>\n\n\n\n<p>1. Podstaw\u0105 przyj\u0119cia reklamacji jest przedstawienie przez Klienta dowodu zakupu towaru (paragon fiskalny).<\/p>\n\n\n\n<p>2. W przypadku niezgodno\u015bci towaru z umow\u0105 Klient powinien odes\u0142a\u0107 do Sklepu reklamowany towar wraz z opisem niezgodno\u015bci pod adres:\u00a0<strong>FABRYKA KOSZULEK Sp. z o.o.<\/strong>\u00a0<strong> <strong>Ul. <\/strong>Marklowicka 17<\/strong>,\u00a0<strong>Wodzis\u0142aw \u015al\u0105ski<\/strong>\u00a0<strong>44-300<\/strong>. Prosimy o wcze\u015bniejszy kontakt drog\u0105 mailow\u0105 pod adresem\u00a0biuro@fabryka-koszulek.com.\u00a0<\/p>\n\n\n\n<p>3. Sklep ustosunkowuje si\u0119 do reklamacji Klienta w terminie 14 dni roboczych od momentu zwrotu towaru wraz z opisem niezgodno\u015bci.<\/p>\n\n\n\n<p>4. Gdy realizacja uzasadnionej reklamacji wi\u0105\u017ce si\u0119 z wys\u0142aniem Klientowi nowego towaru b\u0105d\u017a usuni\u0119cia niezgodno\u015bci, koszty dostaw ponosi Sklep.<\/p>\n\n\n\n<p>5. Indywidualne ustawienia komputera i monitora Klienta powoduj\u0105ce b\u0142\u0119dne lub zniekszta\u0142cone wy\u015bwietlanie informacji o towarach (np. kolor\u00f3w), nie mog\u0105 by\u0107 podstaw\u0105 reklamacji.<\/p>\n\n\n\n<h3 class=\"wp-block-heading\">\u00a76&nbsp;Prawo odst\u0105pienia od umowy<\/h3>\n\n\n\n<p>1. Na podstawie Ustawy o ochronie niekt\u00f3rych praw konsument\u00f3w oraz o odpowiedzialno\u015bci za szkod\u0119 wyrz\u0105dzon\u0105 przez produkt niebezpieczny z dnia 2 marca 2000 r. Klient ma prawo odst\u0105pienia od umowy.<\/p>\n\n\n\n<p>2. Prawo odst\u0105pienia od umowy jest skuteczne je\u017celi Klient z\u0142o\u017cy Sklepowi, w terminie 14 dni od odbioru towaru, o\u015bwiadczenie o odst\u0105pieniu od umowy.<\/p>\n\n\n\n<p>3. Klient zwraca towar do Sklepu w terminie 14 dni od z\u0142o\u017cenia o\u015bwiadczenia o odst\u0105pieniu od umowy. Zwr\u00f3cony towar powinien by\u0107 w stanie nienaruszonym, w tym powinien by\u0107 kompletny, w fabrycznym opakowaniu, nie mo\u017ce nosi\u0107 \u015blad\u00f3w eksploatacji. Koszty przesy\u0142ki ponosi Klient.<\/p>\n\n\n\n<p>4. W ci\u0105gu 3 dni roboczych od otrzymania przesy\u0142ki, Sklep sprawdzi stan przekazanego produktu.<\/p>\n\n\n\n<p>5. W terminie 7 dni od sprawdzenia towaru Sklep zwraca Klientowi zap\u0142acon\u0105 kwot\u0119, pomniejszon\u0105 o koszty realizacji zam\u00f3wienia. Klient powinien wskaza\u0107 numer rachunku bankowego, na jaki ma zosta\u0107 przelana zwracana kwota. W przypadku p\u0142atno\u015bci kart\u0105 p\u0142atnicz\u0105 zwrot \u015brodk\u00f3w zostanie wykonany na kart\u0119.<\/p>\n\n\n\n<p>6. W przypadku naruszenia przez Klienta warunk\u00f3w okre\u015blonych w ust 2 i 3 powy\u017cej o\u015bwiadczenie o odst\u0105pieniu od umowy jest bezskuteczne, towar nie podlega zwrotowi, a Sklep nie zwraca Klientowi zap\u0142aconej kwoty.<\/p>\n\n\n\n<p>\u200b<\/p>\n\n\n\n<h3 class=\"wp-block-heading\">\u00a77&nbsp;<\/h3>\n\n\n\n<h3 class=\"wp-block-heading\">Ochrona prywatno\u015bci<\/h3>\n\n\n\n<p>1. Sk\u0142adaj\u0105c zam\u00f3wienie Klient wyra\u017ca zgod\u0119 na przetwarzanie jego danych osobowych wy\u0142\u0105cznie w celu realizacji zam\u00f3wienia.&nbsp;<strong>FABRYKA KOSZULEK Sp. z o.o.<\/strong>&nbsp;jest administratorem danych osobowych klienta.<\/p>\n\n\n\n<p>2. Klient mo\u017ce r\u00f3wnie\u017c wyrazi\u0107 odr\u0119bn\u0105 zgod\u0119 na otrzymywanie od Sklepu materia\u0142\u00f3w reklamowo \u2013 promocyjnych, w tym biuletynu handlowego.<\/p>\n\n\n\n<p>3. Klient ma prawo wgl\u0105du do swoich danych i ich korekty, a tak\u017ce do \u017c\u0105dania usuni\u0119cia.<\/p>\n\n\n\n<p>4. Sklep przeka\u017ce dane kontaktowe klienta firmie kurierskie w celu realizacji zam\u00f3wienia.<\/p>\n\n\n\n<p>5. W&nbsp;celu realizowania p\u0142atno\u015bci dane b\u0119d\u0105 udost\u0119pniane Przelewy24, kt\u00f3ra jest r\u00f3wnie\u017c<\/p>\n\n\n\n<p>Administratorem Danych Osobowych<\/p>\n","protected":false},"excerpt":{"rendered":"<p>\u00a71&nbsp;Postanowienia 1. Sklep internetowy&nbsp;\u201eSklep\u201d&nbsp;prowadzi sprzeda\u017c detaliczn\u0105 za po\u015brednictwem Internetu, na podstawie niniejszego Regulaminu zwanym dalej&hellip;<\/p>\n","protected":false},"author":1,"featured_media":0,"parent":0,"menu_order":0,"comment_status":"closed","ping_status":"closed","template":"","meta":{"footnotes":""},"yoast_head":"<!-- This site is optimized with the Yoast SEO plugin v21.7 - https:\/\/yoast.com\/wordpress\/plugins\/seo\/ -->\n<title>Regulamin Sklepu - M\u00f3j Blog<\/title>\n<meta name=\"robots\" content=\"index, follow, max-snippet:-1, max-image-preview:large, max-video-preview:-1\" \/>\n<link rel=\"canonical\" href=\"https:\/\/miyazaki.pl\/index.php\/regulamin-sklepu\/\" \/>\n<meta property=\"og:locale\" content=\"pl_PL\" \/>\n<meta property=\"og:type\" content=\"article\" \/>\n<meta property=\"og:title\" content=\"Regulamin Sklepu - M\u00f3j Blog\" \/>\n<meta property=\"og:description\" content=\"\u00a71&nbsp;Postanowienia 1. Sklep internetowy&nbsp;\u201eSklep\u201d&nbsp;prowadzi sprzeda\u017c detaliczn\u0105 za po\u015brednictwem Internetu, na podstawie niniejszego Regulaminu zwanym dalej&hellip;\" \/>\n<meta property=\"og:url\" content=\"https:\/\/miyazaki.pl\/index.php\/regulamin-sklepu\/\" \/>\n<meta property=\"og:site_name\" content=\"M\u00f3j Blog\" \/>\n<meta property=\"article:modified_time\" content=\"2025-10-24T06:24:29+00:00\" \/>\n<meta name=\"twitter:card\" content=\"summary_large_image\" \/>\n<meta name=\"twitter:label1\" content=\"Szacowany czas czytania\" \/>\n\t<meta name=\"twitter:data1\" content=\"5 minut\" \/>\n<script type=\"application\/ld+json\" class=\"yoast-schema-graph\">{\"@context\":\"https:\/\/schema.org\",\"@graph\":[{\"@type\":\"WebPage\",\"@id\":\"https:\/\/miyazaki.pl\/index.php\/regulamin-sklepu\/\",\"url\":\"https:\/\/miyazaki.pl\/index.php\/regulamin-sklepu\/\",\"name\":\"Regulamin Sklepu - M\u00f3j Blog\",\"isPartOf\":{\"@id\":\"https:\/\/miyazaki.pl\/#website\"},\"datePublished\":\"2023-12-10T22:41:28+00:00\",\"dateModified\":\"2025-10-24T06:24:29+00:00\",\"breadcrumb\":{\"@id\":\"https:\/\/miyazaki.pl\/index.php\/regulamin-sklepu\/#breadcrumb\"},\"inLanguage\":\"pl-PL\",\"potentialAction\":[{\"@type\":\"ReadAction\",\"target\":[\"https:\/\/miyazaki.pl\/index.php\/regulamin-sklepu\/\"]}]},{\"@type\":\"BreadcrumbList\",\"@id\":\"https:\/\/miyazaki.pl\/index.php\/regulamin-sklepu\/#breadcrumb\",\"itemListElement\":[{\"@type\":\"ListItem\",\"position\":1,\"name\":\"Strona g\u0142\u00f3wna\",\"item\":\"https:\/\/miyazaki.pl\/\"},{\"@type\":\"ListItem\",\"position\":2,\"name\":\"Regulamin Sklepu\"}]},{\"@type\":\"WebSite\",\"@id\":\"https:\/\/miyazaki.pl\/#website\",\"url\":\"https:\/\/miyazaki.pl\/\",\"name\":\"M\u00f3j Blog\",\"description\":\"Miyazaki86\",\"potentialAction\":[{\"@type\":\"SearchAction\",\"target\":{\"@type\":\"EntryPoint\",\"urlTemplate\":\"https:\/\/miyazaki.pl\/?s={search_term_string}\"},\"query-input\":\"required name=search_term_string\"}],\"inLanguage\":\"pl-PL\"}]}<\/script>\n<!-- \/ Yoast SEO plugin. -->","yoast_head_json":{"title":"Regulamin Sklepu - M\u00f3j Blog","robots":{"index":"index","follow":"follow","max-snippet":"max-snippet:-1","max-image-preview":"max-image-preview:large","max-video-preview":"max-video-preview:-1"},"canonical":"https:\/\/miyazaki.pl\/index.php\/regulamin-sklepu\/","og_locale":"pl_PL","og_type":"article","og_title":"Regulamin Sklepu - M\u00f3j Blog","og_description":"\u00a71&nbsp;Postanowienia 1. Sklep internetowy&nbsp;\u201eSklep\u201d&nbsp;prowadzi sprzeda\u017c detaliczn\u0105 za po\u015brednictwem Internetu, na podstawie niniejszego Regulaminu zwanym dalej&hellip;","og_url":"https:\/\/miyazaki.pl\/index.php\/regulamin-sklepu\/","og_site_name":"M\u00f3j Blog","article_modified_time":"2025-10-24T06:24:29+00:00","twitter_card":"summary_large_image","twitter_misc":{"Szacowany czas czytania":"5 minut"},"schema":{"@context":"https:\/\/schema.org","@graph":[{"@type":"WebPage","@id":"https:\/\/miyazaki.pl\/index.php\/regulamin-sklepu\/","url":"https:\/\/miyazaki.pl\/index.php\/regulamin-sklepu\/","name":"Regulamin Sklepu - M\u00f3j Blog","isPartOf":{"@id":"https:\/\/miyazaki.pl\/#website"},"datePublished":"2023-12-10T22:41:28+00:00","dateModified":"2025-10-24T06:24:29+00:00","breadcrumb":{"@id":"https:\/\/miyazaki.pl\/index.php\/regulamin-sklepu\/#breadcrumb"},"inLanguage":"pl-PL","potentialAction":[{"@type":"ReadAction","target":["https:\/\/miyazaki.pl\/index.php\/regulamin-sklepu\/"]}]},{"@type":"BreadcrumbList","@id":"https:\/\/miyazaki.pl\/index.php\/regulamin-sklepu\/#breadcrumb","itemListElement":[{"@type":"ListItem","position":1,"name":"Strona g\u0142\u00f3wna","item":"https:\/\/miyazaki.pl\/"},{"@type":"ListItem","position":2,"name":"Regulamin Sklepu"}]},{"@type":"WebSite","@id":"https:\/\/miyazaki.pl\/#website","url":"https:\/\/miyazaki.pl\/","name":"M\u00f3j Blog","description":"Miyazaki86","potentialAction":[{"@type":"SearchAction","target":{"@type":"EntryPoint","urlTemplate":"https:\/\/miyazaki.pl\/?s={search_term_string}"},"query-input":"required name=search_term_string"}],"inLanguage":"pl-PL"}]}},"_links":{"self":[{"href":"https:\/\/miyazaki.pl\/index.php\/wp-json\/wp\/v2\/pages\/3002"}],"collection":[{"href":"https:\/\/miyazaki.pl\/index.php\/wp-json\/wp\/v2\/pages"}],"about":[{"href":"https:\/\/miyazaki.pl\/index.php\/wp-json\/wp\/v2\/types\/page"}],"author":[{"embeddable":true,"href":"https:\/\/miyazaki.pl\/index.php\/wp-json\/wp\/v2\/users\/1"}],"replies":[{"embeddable":true,"href":"https:\/\/miyazaki.pl\/index.php\/wp-json\/wp\/v2\/comments?post=3002"}],"version-history":[{"count":4,"href":"https:\/\/miyazaki.pl\/index.php\/wp-json\/wp\/v2\/pages\/3002\/revisions"}],"predecessor-version":[{"id":9210,"href":"https:\/\/miyazaki.pl\/index.php\/wp-json\/wp\/v2\/pages\/3002\/revisions\/9210"}],"wp:attachment":[{"href":"https:\/\/miyazaki.pl\/index.php\/wp-json\/wp\/v2\/media?parent=3002"}],"curies":[{"name":"wp","href":"https:\/\/api.w.org\/{rel}","templated":true}]}}