{"id":2859,"date":"2023-12-10T11:17:49","date_gmt":"2023-12-10T11:17:49","guid":{"rendered":"https:\/\/raizobutye.cfolks.pl\/?post_type=product&#038;p=2859"},"modified":"2025-10-20T08:36:28","modified_gmt":"2025-10-20T08:36:28","slug":"bluza-kamikakushi-biala","status":"publish","type":"product","link":"https:\/\/miyazaki.pl\/index.php\/produkt\/bluza-kamikakushi-biala\/","title":{"rendered":"Bluza KAMIKAKUSHI Bia\u0142a"},"content":{"rendered":"","protected":false},"excerpt":{"rendered":"<p class=\"v1gmail-p1\">Bluza z motywem\u00a0japo\u0144skiej bramy Torii, kt\u00f3ra symbolizuje przej\u015bcie z ziemi do \u015bwiata sakralnego i napisem \u795e\u96a0\u3057 (Kamikakushi) czyli \u201eUkryty przez Bog\u00f3w&#8221; &#8211; metafora obecnie u\u017cywana w sytuacjach gdzie \u201eznika&#8221; nam przedmiot z miejsca w kt\u00f3rym jeste\u015bmy pewni \u017ce go zostawili\u015bmy i musimy po\u015bwi\u0119ci\u0107 czas na znalezienie go &#8211; Japo\u0144czycy wierz\u0105, \u017ce za takie sytuacje mog\u0105 by\u0107 odpowiedzialni Bogowie, kt\u00f3rzy celowo ukryli nam dany przedmiot, zmieniaj\u0105c tym ci\u0105g wydarze\u0144 by uchroni\u0107 nas przed nieszcz\u0119\u015bciem.<span class=\"v1gmail-Apple-converted-space\">\u00a0<\/span><\/p>\n<p class=\"v1gmail-p1\">Ty\u0142 bluzy &#8211; napis \u5bae\u5d0e\u516b\u516d czyli Miyazaki86, inspirowany piecz\u0119ciami \u015bwi\u0105tynnymi.<span class=\"v1gmail-Apple-converted-space\">\u00a0<\/span><\/p>\n<p>&nbsp;<\/p>\n<p>&nbsp;<\/p>\n<p class=\"v1gmail-p1\">Bluza z szerszym, 3-panelowym kapturem<\/p>\n<p class=\"v1gmail-p1\">D\u0142u\u017cszy kr\u00f3j w stylu oversize<\/p>\n<p class=\"v1gmail-p1\">95% Bawe\u0142na<span class=\"v1gmail-Apple-converted-space\">\u00a0<\/span><\/p>\n<p class=\"v1gmail-p1\">5% Elastan<\/p>\n<p class=\"v1gmail-p1\">Trwa\u0142y i odporny na pranie nadruk<span class=\"v1gmail-Apple-converted-space\">\u00a0<\/span><\/p>\n<p class=\"v1gmail-p1\">Solidna gramatura bluzy &#8211;<span class=\"v1gmail-Apple-converted-space\">\u00a0\u00a0<\/span>290g<\/p>\n<p class=\"v1gmail-p1\">Wyprodukowano w Polsce !<\/p>\n<p>&nbsp;<\/p>\n<p>&nbsp;<\/p>\n<h3><strong>Czas realizacji zam\u00f3wienia<\/strong><\/h3>\n<p>Czas produkcji wynosi od 1 do 5 dni roboczych. Do tego nale\u017cy doliczy\u0107 czas dostawy (dost\u0119pne formy i czas dostawy poni\u017cej).Czas realizacji zam\u00f3wienia jest liczony od momentu uzyskania pozytywnej autoryzacji p\u0142atno\u015bci.<\/p>\n<h3><strong>Dostawa 24h-48h<\/strong><\/h3>\n<p>&nbsp;<\/p>\n","protected":false},"featured_media":3011,"comment_status":"open","ping_status":"closed","template":"","meta":[],"product_cat":[56],"product_tag":[],"yoast_head":"<!-- This site is optimized with the Yoast SEO plugin v21.7 - https:\/\/yoast.com\/wordpress\/plugins\/seo\/ -->\n<title>Bluza KAMIKAKUSHI Bia\u0142a - M\u00f3j Blog<\/title>\n<meta name=\"robots\" content=\"index, follow, max-snippet:-1, max-image-preview:large, max-video-preview:-1\" \/>\n<link rel=\"canonical\" href=\"https:\/\/miyazaki.pl\/index.php\/produkt\/bluza-kamikakushi-biala\/\" \/>\n<meta property=\"og:locale\" content=\"pl_PL\" \/>\n<meta property=\"og:type\" content=\"article\" \/>\n<meta property=\"og:title\" content=\"Bluza KAMIKAKUSHI Bia\u0142a - M\u00f3j Blog\" \/>\n<meta property=\"og:description\" content=\"Bluza z motywem\u00a0japo\u0144skiej bramy Torii, kt\u00f3ra symbolizuje przej\u015bcie z ziemi do \u015bwiata sakralnego i napisem \u795e\u96a0\u3057 (Kamikakushi) czyli \u201eUkryty przez Bog\u00f3w&quot; - metafora obecnie u\u017cywana w sytuacjach gdzie \u201eznika&quot; nam przedmiot z miejsca w kt\u00f3rym jeste\u015bmy pewni \u017ce go zostawili\u015bmy i musimy po\u015bwi\u0119ci\u0107 czas na znalezienie go - Japo\u0144czycy wierz\u0105, \u017ce za takie sytuacje mog\u0105 by\u0107 odpowiedzialni Bogowie, kt\u00f3rzy celowo ukryli nam dany przedmiot, zmieniaj\u0105c tym ci\u0105g wydarze\u0144 by uchroni\u0107 nas przed nieszcz\u0119\u015bciem.\u00a0 Ty\u0142 bluzy - napis \u5bae\u5d0e\u516b\u516d czyli Miyazaki86, inspirowany piecz\u0119ciami \u015bwi\u0105tynnymi.\u00a0 &nbsp;  &nbsp; Bluza z szerszym, 3-panelowym kapturem D\u0142u\u017cszy kr\u00f3j w stylu oversize 95% Bawe\u0142na\u00a0 5% Elastan Trwa\u0142y i odporny na pranie nadruk\u00a0 Solidna gramatura bluzy -\u00a0\u00a0290g Wyprodukowano w Polsce ! &nbsp;  &nbsp; Czas realizacji zam\u00f3wienia Czas produkcji wynosi od 1 do 5 dni roboczych. Do tego nale\u017cy doliczy\u0107 czas dostawy (dost\u0119pne formy i czas dostawy poni\u017cej).Czas realizacji zam\u00f3wienia jest liczony od momentu uzyskania pozytywnej autoryzacji p\u0142atno\u015bci. Dostawa 24h-48h &nbsp;\" \/>\n<meta property=\"og:url\" content=\"https:\/\/miyazaki.pl\/index.php\/produkt\/bluza-kamikakushi-biala\/\" \/>\n<meta property=\"og:site_name\" content=\"M\u00f3j Blog\" \/>\n<meta property=\"article:modified_time\" content=\"2025-10-20T08:36:28+00:00\" \/>\n<meta property=\"og:image\" content=\"https:\/\/miyazaki.pl\/wp-content\/uploads\/2023\/12\/bluza-biala-kamikakushi.jpg\" \/>\n\t<meta property=\"og:image:width\" content=\"1090\" \/>\n\t<meta property=\"og:image:height\" content=\"1208\" \/>\n\t<meta property=\"og:image:type\" content=\"image\/jpeg\" \/>\n<meta name=\"twitter:card\" content=\"summary_large_image\" \/>\n<meta name=\"twitter:label1\" content=\"Szacowany czas czytania\" \/>\n\t<meta name=\"twitter:data1\" content=\"1 minuta\" \/>\n<script type=\"application\/ld+json\" class=\"yoast-schema-graph\">{\"@context\":\"https:\/\/schema.org\",\"@graph\":[{\"@type\":\"WebPage\",\"@id\":\"https:\/\/miyazaki.pl\/index.php\/produkt\/bluza-kamikakushi-biala\/\",\"url\":\"https:\/\/miyazaki.pl\/index.php\/produkt\/bluza-kamikakushi-biala\/\",\"name\":\"Bluza KAMIKAKUSHI Bia\u0142a - M\u00f3j Blog\",\"isPartOf\":{\"@id\":\"https:\/\/miyazaki.pl\/#website\"},\"datePublished\":\"2023-12-10T11:17:49+00:00\",\"dateModified\":\"2025-10-20T08:36:28+00:00\",\"breadcrumb\":{\"@id\":\"https:\/\/miyazaki.pl\/index.php\/produkt\/bluza-kamikakushi-biala\/#breadcrumb\"},\"inLanguage\":\"pl-PL\",\"potentialAction\":[{\"@type\":\"ReadAction\",\"target\":[\"https:\/\/miyazaki.pl\/index.php\/produkt\/bluza-kamikakushi-biala\/\"]}]},{\"@type\":\"BreadcrumbList\",\"@id\":\"https:\/\/miyazaki.pl\/index.php\/produkt\/bluza-kamikakushi-biala\/#breadcrumb\",\"itemListElement\":[{\"@type\":\"ListItem\",\"position\":1,\"name\":\"Strona g\u0142\u00f3wna\",\"item\":\"https:\/\/miyazaki.pl\/\"},{\"@type\":\"ListItem\",\"position\":2,\"name\":\"Sklep\",\"item\":\"https:\/\/miyazaki.pl\/index.php\/sklep\/\"},{\"@type\":\"ListItem\",\"position\":3,\"name\":\"Bluza KAMIKAKUSHI Bia\u0142a\"}]},{\"@type\":\"WebSite\",\"@id\":\"https:\/\/miyazaki.pl\/#website\",\"url\":\"https:\/\/miyazaki.pl\/\",\"name\":\"M\u00f3j Blog\",\"description\":\"Miyazaki86\",\"potentialAction\":[{\"@type\":\"SearchAction\",\"target\":{\"@type\":\"EntryPoint\",\"urlTemplate\":\"https:\/\/miyazaki.pl\/?s={search_term_string}\"},\"query-input\":\"required name=search_term_string\"}],\"inLanguage\":\"pl-PL\"}]}<\/script>\n<!-- \/ Yoast SEO plugin. -->","yoast_head_json":{"title":"Bluza KAMIKAKUSHI Bia\u0142a - M\u00f3j Blog","robots":{"index":"index","follow":"follow","max-snippet":"max-snippet:-1","max-image-preview":"max-image-preview:large","max-video-preview":"max-video-preview:-1"},"canonical":"https:\/\/miyazaki.pl\/index.php\/produkt\/bluza-kamikakushi-biala\/","og_locale":"pl_PL","og_type":"article","og_title":"Bluza KAMIKAKUSHI Bia\u0142a - M\u00f3j Blog","og_description":"Bluza z motywem\u00a0japo\u0144skiej bramy Torii, kt\u00f3ra symbolizuje przej\u015bcie z ziemi do \u015bwiata sakralnego i napisem \u795e\u96a0\u3057 (Kamikakushi) czyli \u201eUkryty przez Bog\u00f3w\" - metafora obecnie u\u017cywana w sytuacjach gdzie \u201eznika\" nam przedmiot z miejsca w kt\u00f3rym jeste\u015bmy pewni \u017ce go zostawili\u015bmy i musimy po\u015bwi\u0119ci\u0107 czas na znalezienie go - Japo\u0144czycy wierz\u0105, \u017ce za takie sytuacje mog\u0105 by\u0107 odpowiedzialni Bogowie, kt\u00f3rzy celowo ukryli nam dany przedmiot, zmieniaj\u0105c tym ci\u0105g wydarze\u0144 by uchroni\u0107 nas przed nieszcz\u0119\u015bciem.\u00a0 Ty\u0142 bluzy - napis \u5bae\u5d0e\u516b\u516d czyli Miyazaki86, inspirowany piecz\u0119ciami \u015bwi\u0105tynnymi.\u00a0 &nbsp;  &nbsp; Bluza z szerszym, 3-panelowym kapturem D\u0142u\u017cszy kr\u00f3j w stylu oversize 95% Bawe\u0142na\u00a0 5% Elastan Trwa\u0142y i odporny na pranie nadruk\u00a0 Solidna gramatura bluzy -\u00a0\u00a0290g Wyprodukowano w Polsce ! &nbsp;  &nbsp; Czas realizacji zam\u00f3wienia Czas produkcji wynosi od 1 do 5 dni roboczych. Do tego nale\u017cy doliczy\u0107 czas dostawy (dost\u0119pne formy i czas dostawy poni\u017cej).Czas realizacji zam\u00f3wienia jest liczony od momentu uzyskania pozytywnej autoryzacji p\u0142atno\u015bci. Dostawa 24h-48h &nbsp;","og_url":"https:\/\/miyazaki.pl\/index.php\/produkt\/bluza-kamikakushi-biala\/","og_site_name":"M\u00f3j Blog","article_modified_time":"2025-10-20T08:36:28+00:00","og_image":[{"width":1090,"height":1208,"url":"https:\/\/miyazaki.pl\/wp-content\/uploads\/2023\/12\/bluza-biala-kamikakushi.jpg","type":"image\/jpeg"}],"twitter_card":"summary_large_image","twitter_misc":{"Szacowany czas czytania":"1 minuta"},"schema":{"@context":"https:\/\/schema.org","@graph":[{"@type":"WebPage","@id":"https:\/\/miyazaki.pl\/index.php\/produkt\/bluza-kamikakushi-biala\/","url":"https:\/\/miyazaki.pl\/index.php\/produkt\/bluza-kamikakushi-biala\/","name":"Bluza KAMIKAKUSHI Bia\u0142a - M\u00f3j Blog","isPartOf":{"@id":"https:\/\/miyazaki.pl\/#website"},"datePublished":"2023-12-10T11:17:49+00:00","dateModified":"2025-10-20T08:36:28+00:00","breadcrumb":{"@id":"https:\/\/miyazaki.pl\/index.php\/produkt\/bluza-kamikakushi-biala\/#breadcrumb"},"inLanguage":"pl-PL","potentialAction":[{"@type":"ReadAction","target":["https:\/\/miyazaki.pl\/index.php\/produkt\/bluza-kamikakushi-biala\/"]}]},{"@type":"BreadcrumbList","@id":"https:\/\/miyazaki.pl\/index.php\/produkt\/bluza-kamikakushi-biala\/#breadcrumb","itemListElement":[{"@type":"ListItem","position":1,"name":"Strona g\u0142\u00f3wna","item":"https:\/\/miyazaki.pl\/"},{"@type":"ListItem","position":2,"name":"Sklep","item":"https:\/\/miyazaki.pl\/index.php\/sklep\/"},{"@type":"ListItem","position":3,"name":"Bluza KAMIKAKUSHI Bia\u0142a"}]},{"@type":"WebSite","@id":"https:\/\/miyazaki.pl\/#website","url":"https:\/\/miyazaki.pl\/","name":"M\u00f3j Blog","description":"Miyazaki86","potentialAction":[{"@type":"SearchAction","target":{"@type":"EntryPoint","urlTemplate":"https:\/\/miyazaki.pl\/?s={search_term_string}"},"query-input":"required name=search_term_string"}],"inLanguage":"pl-PL"}]}},"_links":{"self":[{"href":"https:\/\/miyazaki.pl\/index.php\/wp-json\/wp\/v2\/product\/2859"}],"collection":[{"href":"https:\/\/miyazaki.pl\/index.php\/wp-json\/wp\/v2\/product"}],"about":[{"href":"https:\/\/miyazaki.pl\/index.php\/wp-json\/wp\/v2\/types\/product"}],"replies":[{"embeddable":true,"href":"https:\/\/miyazaki.pl\/index.php\/wp-json\/wp\/v2\/comments?post=2859"}],"wp:featuredmedia":[{"embeddable":true,"href":"https:\/\/miyazaki.pl\/index.php\/wp-json\/wp\/v2\/media\/3011"}],"wp:attachment":[{"href":"https:\/\/miyazaki.pl\/index.php\/wp-json\/wp\/v2\/media?parent=2859"}],"wp:term":[{"taxonomy":"product_cat","embeddable":true,"href":"https:\/\/miyazaki.pl\/index.php\/wp-json\/wp\/v2\/product_cat?post=2859"},{"taxonomy":"product_tag","embeddable":true,"href":"https:\/\/miyazaki.pl\/index.php\/wp-json\/wp\/v2\/product_tag?post=2859"}],"curies":[{"name":"wp","href":"https:\/\/api.w.org\/{rel}","templated":true}]}}