{"id":3354,"date":"2024-03-18T13:53:04","date_gmt":"2024-03-18T13:53:04","guid":{"rendered":"https:\/\/miyazaki.pl\/?post_type=product&#038;p=3354"},"modified":"2026-03-13T07:44:00","modified_gmt":"2026-03-13T07:44:00","slug":"bluza-nani-black","status":"publish","type":"product","link":"https:\/\/miyazaki.pl\/index.php\/produkt\/bluza-nani-black\/","title":{"rendered":"Bluza NANI BLACK."},"content":{"rendered":"","protected":false},"excerpt":{"rendered":"<p><span style=\"font-weight: 400\">Bluza inspirowana stylem z Harajuku &#8211; centrum mody z Tokio, w kt\u00f3rym mo\u017cna zobaczy\u0107 szerok\u0105 gam\u0119 mody subkulturowej, kt\u00f3ra jest popularna w tym miejscu od wielu lat. Harajuku to nie tylko jeden styl, ale po\u0142\u0105czenie przer\u00f3\u017cnych styl\u00f3w w jednym miejscu, gdzie nikt nie boi si\u0119 wyra\u017ca\u0107 siebie po przez ubi\u00f3r.\u00a0<\/span><\/p>\n<p><span style=\"font-weight: 400\">Subkultura mody Harajuku to przede wszystkim: wolno\u015b\u0107.<\/span><\/p>\n<p><span style=\"font-weight: 400\">\u00a0<\/span><\/p>\n<p><span style=\"font-weight: 400\">Unikalny kr\u00f3j bluzy<\/span><\/p>\n<p><span style=\"font-weight: 400\">Mocny oversize z szerokimi i d\u0142ugimi r\u0119kawami<\/span><\/p>\n<p><span style=\"font-weight: 400\">95% Bawe\u0142na\u00a0<\/span><\/p>\n<p><span style=\"font-weight: 400\">5% Elastan<\/span><\/p>\n<p><span style=\"font-weight: 400\">Trwa\u0142y i odporny na pranie nadruk\u00a0<\/span><\/p>\n<p><span style=\"font-weight: 400\">Solidna gramatura bluzy &#8211;\u00a0 290g<\/span><\/p>\n<p><span style=\"font-weight: 400\">Typ: Unisex<\/span><\/p>\n<p><span style=\"font-weight: 400\">Wyprodukowano w Polsce !<\/span><\/p>\n<h3><strong>Czas realizacji zam\u00f3wienia<\/strong><\/h3>\n<p>Czas produkcji wynosi od 1 do 5 dni roboczych. Do tego nale\u017cy doliczy\u0107 czas dostawy (dost\u0119pne formy i czas dostawy poni\u017cej).Czas realizacji zam\u00f3wienia jest liczony od momentu uzyskania pozytywnej autoryzacji p\u0142atno\u015bci.<\/p>\n<h3><\/h3>\n<p>&nbsp;<\/p>\n","protected":false},"featured_media":3361,"comment_status":"open","ping_status":"closed","template":"","meta":[],"product_cat":[56],"product_tag":[],"yoast_head":"<!-- This site is optimized with the Yoast SEO plugin v21.7 - https:\/\/yoast.com\/wordpress\/plugins\/seo\/ -->\n<title>Bluza NANI BLACK. - M\u00f3j Blog<\/title>\n<meta name=\"robots\" content=\"index, follow, max-snippet:-1, max-image-preview:large, max-video-preview:-1\" \/>\n<link rel=\"canonical\" href=\"https:\/\/miyazaki.pl\/index.php\/produkt\/bluza-nani-black\/\" \/>\n<meta property=\"og:locale\" content=\"pl_PL\" \/>\n<meta property=\"og:type\" content=\"article\" \/>\n<meta property=\"og:title\" content=\"Bluza NANI BLACK. - M\u00f3j Blog\" \/>\n<meta property=\"og:description\" content=\"Bluza inspirowana stylem z Harajuku - centrum mody z Tokio, w kt\u00f3rym mo\u017cna zobaczy\u0107 szerok\u0105 gam\u0119 mody subkulturowej, kt\u00f3ra jest popularna w tym miejscu od wielu lat. Harajuku to nie tylko jeden styl, ale po\u0142\u0105czenie przer\u00f3\u017cnych styl\u00f3w w jednym miejscu, gdzie nikt nie boi si\u0119 wyra\u017ca\u0107 siebie po przez ubi\u00f3r.\u00a0  Subkultura mody Harajuku to przede wszystkim: wolno\u015b\u0107.  \u00a0  Unikalny kr\u00f3j bluzy  Mocny oversize z szerokimi i d\u0142ugimi r\u0119kawami  95% Bawe\u0142na\u00a0  5% Elastan  Trwa\u0142y i odporny na pranie nadruk\u00a0  Solidna gramatura bluzy -\u00a0 290g  Typ: Unisex  Wyprodukowano w Polsce ! Czas realizacji zam\u00f3wienia Czas produkcji wynosi od 1 do 5 dni roboczych. Do tego nale\u017cy doliczy\u0107 czas dostawy (dost\u0119pne formy i czas dostawy poni\u017cej).Czas realizacji zam\u00f3wienia jest liczony od momentu uzyskania pozytywnej autoryzacji p\u0142atno\u015bci.  &nbsp;\" \/>\n<meta property=\"og:url\" content=\"https:\/\/miyazaki.pl\/index.php\/produkt\/bluza-nani-black\/\" \/>\n<meta property=\"og:site_name\" content=\"M\u00f3j Blog\" \/>\n<meta property=\"article:modified_time\" content=\"2026-03-13T07:44:00+00:00\" \/>\n<meta property=\"og:image\" content=\"https:\/\/miyazaki.pl\/wp-content\/uploads\/2024\/03\/Bluza-NANI.jpg\" \/>\n\t<meta property=\"og:image:width\" content=\"2000\" \/>\n\t<meta property=\"og:image:height\" content=\"2000\" \/>\n\t<meta property=\"og:image:type\" content=\"image\/jpeg\" \/>\n<meta name=\"twitter:card\" content=\"summary_large_image\" \/>\n<meta name=\"twitter:label1\" content=\"Szacowany czas czytania\" \/>\n\t<meta name=\"twitter:data1\" content=\"1 minuta\" \/>\n<script type=\"application\/ld+json\" class=\"yoast-schema-graph\">{\"@context\":\"https:\/\/schema.org\",\"@graph\":[{\"@type\":\"WebPage\",\"@id\":\"https:\/\/miyazaki.pl\/index.php\/produkt\/bluza-nani-black\/\",\"url\":\"https:\/\/miyazaki.pl\/index.php\/produkt\/bluza-nani-black\/\",\"name\":\"Bluza NANI BLACK. - M\u00f3j Blog\",\"isPartOf\":{\"@id\":\"https:\/\/miyazaki.pl\/#website\"},\"datePublished\":\"2024-03-18T13:53:04+00:00\",\"dateModified\":\"2026-03-13T07:44:00+00:00\",\"breadcrumb\":{\"@id\":\"https:\/\/miyazaki.pl\/index.php\/produkt\/bluza-nani-black\/#breadcrumb\"},\"inLanguage\":\"pl-PL\",\"potentialAction\":[{\"@type\":\"ReadAction\",\"target\":[\"https:\/\/miyazaki.pl\/index.php\/produkt\/bluza-nani-black\/\"]}]},{\"@type\":\"BreadcrumbList\",\"@id\":\"https:\/\/miyazaki.pl\/index.php\/produkt\/bluza-nani-black\/#breadcrumb\",\"itemListElement\":[{\"@type\":\"ListItem\",\"position\":1,\"name\":\"Strona g\u0142\u00f3wna\",\"item\":\"https:\/\/miyazaki.pl\/\"},{\"@type\":\"ListItem\",\"position\":2,\"name\":\"Sklep\",\"item\":\"https:\/\/miyazaki.pl\/index.php\/sklep\/\"},{\"@type\":\"ListItem\",\"position\":3,\"name\":\"Bluza NANI BLACK.\"}]},{\"@type\":\"WebSite\",\"@id\":\"https:\/\/miyazaki.pl\/#website\",\"url\":\"https:\/\/miyazaki.pl\/\",\"name\":\"M\u00f3j Blog\",\"description\":\"Miyazaki86\",\"potentialAction\":[{\"@type\":\"SearchAction\",\"target\":{\"@type\":\"EntryPoint\",\"urlTemplate\":\"https:\/\/miyazaki.pl\/?s={search_term_string}\"},\"query-input\":\"required name=search_term_string\"}],\"inLanguage\":\"pl-PL\"}]}<\/script>\n<!-- \/ Yoast SEO plugin. -->","yoast_head_json":{"title":"Bluza NANI BLACK. - M\u00f3j Blog","robots":{"index":"index","follow":"follow","max-snippet":"max-snippet:-1","max-image-preview":"max-image-preview:large","max-video-preview":"max-video-preview:-1"},"canonical":"https:\/\/miyazaki.pl\/index.php\/produkt\/bluza-nani-black\/","og_locale":"pl_PL","og_type":"article","og_title":"Bluza NANI BLACK. - M\u00f3j Blog","og_description":"Bluza inspirowana stylem z Harajuku - centrum mody z Tokio, w kt\u00f3rym mo\u017cna zobaczy\u0107 szerok\u0105 gam\u0119 mody subkulturowej, kt\u00f3ra jest popularna w tym miejscu od wielu lat. Harajuku to nie tylko jeden styl, ale po\u0142\u0105czenie przer\u00f3\u017cnych styl\u00f3w w jednym miejscu, gdzie nikt nie boi si\u0119 wyra\u017ca\u0107 siebie po przez ubi\u00f3r.\u00a0  Subkultura mody Harajuku to przede wszystkim: wolno\u015b\u0107.  \u00a0  Unikalny kr\u00f3j bluzy  Mocny oversize z szerokimi i d\u0142ugimi r\u0119kawami  95% Bawe\u0142na\u00a0  5% Elastan  Trwa\u0142y i odporny na pranie nadruk\u00a0  Solidna gramatura bluzy -\u00a0 290g  Typ: Unisex  Wyprodukowano w Polsce ! Czas realizacji zam\u00f3wienia Czas produkcji wynosi od 1 do 5 dni roboczych. Do tego nale\u017cy doliczy\u0107 czas dostawy (dost\u0119pne formy i czas dostawy poni\u017cej).Czas realizacji zam\u00f3wienia jest liczony od momentu uzyskania pozytywnej autoryzacji p\u0142atno\u015bci.  &nbsp;","og_url":"https:\/\/miyazaki.pl\/index.php\/produkt\/bluza-nani-black\/","og_site_name":"M\u00f3j Blog","article_modified_time":"2026-03-13T07:44:00+00:00","og_image":[{"width":2000,"height":2000,"url":"https:\/\/miyazaki.pl\/wp-content\/uploads\/2024\/03\/Bluza-NANI.jpg","type":"image\/jpeg"}],"twitter_card":"summary_large_image","twitter_misc":{"Szacowany czas czytania":"1 minuta"},"schema":{"@context":"https:\/\/schema.org","@graph":[{"@type":"WebPage","@id":"https:\/\/miyazaki.pl\/index.php\/produkt\/bluza-nani-black\/","url":"https:\/\/miyazaki.pl\/index.php\/produkt\/bluza-nani-black\/","name":"Bluza NANI BLACK. - M\u00f3j Blog","isPartOf":{"@id":"https:\/\/miyazaki.pl\/#website"},"datePublished":"2024-03-18T13:53:04+00:00","dateModified":"2026-03-13T07:44:00+00:00","breadcrumb":{"@id":"https:\/\/miyazaki.pl\/index.php\/produkt\/bluza-nani-black\/#breadcrumb"},"inLanguage":"pl-PL","potentialAction":[{"@type":"ReadAction","target":["https:\/\/miyazaki.pl\/index.php\/produkt\/bluza-nani-black\/"]}]},{"@type":"BreadcrumbList","@id":"https:\/\/miyazaki.pl\/index.php\/produkt\/bluza-nani-black\/#breadcrumb","itemListElement":[{"@type":"ListItem","position":1,"name":"Strona g\u0142\u00f3wna","item":"https:\/\/miyazaki.pl\/"},{"@type":"ListItem","position":2,"name":"Sklep","item":"https:\/\/miyazaki.pl\/index.php\/sklep\/"},{"@type":"ListItem","position":3,"name":"Bluza NANI BLACK."}]},{"@type":"WebSite","@id":"https:\/\/miyazaki.pl\/#website","url":"https:\/\/miyazaki.pl\/","name":"M\u00f3j Blog","description":"Miyazaki86","potentialAction":[{"@type":"SearchAction","target":{"@type":"EntryPoint","urlTemplate":"https:\/\/miyazaki.pl\/?s={search_term_string}"},"query-input":"required name=search_term_string"}],"inLanguage":"pl-PL"}]}},"_links":{"self":[{"href":"https:\/\/miyazaki.pl\/index.php\/wp-json\/wp\/v2\/product\/3354"}],"collection":[{"href":"https:\/\/miyazaki.pl\/index.php\/wp-json\/wp\/v2\/product"}],"about":[{"href":"https:\/\/miyazaki.pl\/index.php\/wp-json\/wp\/v2\/types\/product"}],"replies":[{"embeddable":true,"href":"https:\/\/miyazaki.pl\/index.php\/wp-json\/wp\/v2\/comments?post=3354"}],"wp:featuredmedia":[{"embeddable":true,"href":"https:\/\/miyazaki.pl\/index.php\/wp-json\/wp\/v2\/media\/3361"}],"wp:attachment":[{"href":"https:\/\/miyazaki.pl\/index.php\/wp-json\/wp\/v2\/media?parent=3354"}],"wp:term":[{"taxonomy":"product_cat","embeddable":true,"href":"https:\/\/miyazaki.pl\/index.php\/wp-json\/wp\/v2\/product_cat?post=3354"},{"taxonomy":"product_tag","embeddable":true,"href":"https:\/\/miyazaki.pl\/index.php\/wp-json\/wp\/v2\/product_tag?post=3354"}],"curies":[{"name":"wp","href":"https:\/\/api.w.org\/{rel}","templated":true}]}}