{"id":7065,"date":"2024-10-16T12:22:26","date_gmt":"2024-10-16T12:22:26","guid":{"rendered":"https:\/\/miyazaki.pl\/?post_type=product&#038;p=7065"},"modified":"2025-03-24T10:03:00","modified_gmt":"2025-03-24T10:03:00","slug":"ebook-nasza-japonia","status":"publish","type":"product","link":"https:\/\/miyazaki.pl\/index.php\/produkt\/ebook-nasza-japonia\/","title":{"rendered":"Ebook Nasza Japonia."},"content":{"rendered":"","protected":false},"excerpt":{"rendered":"<p><strong>Ksi\u0105\u017cka elektroniczna tylko w formacie PDF!<\/strong><\/p>\n<p>&nbsp;<\/p>\n<p><em><strong>Jak wygl\u0105da \u017cycie gejszy lub mnicha?<\/strong><\/em><br \/>\n<em><strong>Ile zarabiaj\u0105 Japo\u0144czycy?<\/strong><\/em><br \/>\n<em><strong>Dlaczego sprzedaj\u0105 domy za dolara?<\/strong><\/em><br \/>\n<em><strong>Jak wygl\u0105da szko\u0142a w Japonii?<\/strong><\/em><br \/>\n<em><strong>Absurdalne zakazy i presja spo\u0142eczna\u2026<\/strong><\/em><\/p>\n<p>&nbsp;<\/p>\n<p>Wyrusz z nami w fascynuj\u0105c\u0105 podr\u00f3\u017c po Japonii, poznaj codzienno\u015b\u0107 wyj\u0105tkowych mieszka\u0144c\u00f3w kraju Kwitn\u0105cej Wi\u015bni, kt\u00f3rzy odpowiedzieli na nurtuj\u0105ce pytania, zdradzaj\u0105c blaski i cienie ich kultury i tradycji. G\u0142osy, mi\u0119dzy innymi gejszy, mistrzyni ceremonii ch\u0101do, mnicha, plantatora herbaty, ale r\u00f3wnie\u017c kelnerek maid cafe, mniejszo\u015bci narodowych, duchownych, jak i naszego dziadka oraz rodzic\u00f3w &#8211; przeplataj\u0105 si\u0119 z ciekawostkami dotycz\u0105cymi Japonii, stereotypami, a tak\u017ce naszymi osobistymi wspomnieniami i refleksjami &#8211; tworz\u0105c obraz autentycznej Japonii. Zanurz si\u0119 w fascynuj\u0105cym \u015bwiecie, w kt\u00f3rym tradycje \u0142\u0105cz\u0105 si\u0119 z nowoczesno\u015bci\u0105 i poznaj z nami prawdziw\u0105 Japoni\u0119!<\/p>\n<p>&nbsp;<\/p>\n<p>Fragment ksi\u0105\u017cki:<br \/>\n<em> W miasteczku Kawaminami, kt\u00f3re mie\u015bci si\u0119 w prefekturze Miyazaki, czas p\u0142ynie wolniej. Niczym nie przypomina zat\u0142oczonego Tokyo, w kt\u00f3rym ka\u017cdy goni czas, jest w ci\u0105g\u0142ym po\u015bpiechu i biegnie na punktualne metro w ciemnym garniturze i bia\u0142ej koszuli. Tutaj wi\u0119kszo\u015b\u0107 ludzi pracuje przy plantacji herbaty, zajmuje si\u0119 upraw\u0105 warzyw lub hodowl\u0105 zwierz\u0105t zagrodowych albo wykonuje rzemie\u015blnicze zawody. (\u2026) Widok turysty jest w tych rejonach bardzo rzadki i spotyka si\u0119 z du\u017cym zaciekawieniem lokalnych mieszka\u0144c\u00f3w, kt\u00f3rzy ciep\u0142o podchodz\u0105 do \u201egaijin-\u00f3w\u201d, mimo tego, i\u017c ich zdecydowana wi\u0119kszo\u015b\u0107, opr\u00f3cz nieco zniekszta\u0142conego hello i thank you nie m\u00f3wi nic po angielsku.<\/em><\/p>\n<p>&nbsp;<\/p>\n<p><em>\u201ePoniewa\u017c maiko jest w okresie treningowym, mi\u0142o\u015b\u0107 jest zabroniona. Maiko przez tydzie\u0144 musz\u0105 utrzymywa\u0107 fryzur\u0119 zrobion\u0105 z naturalnych w\u0142os\u00f3w. McDonald\u2019s, Starbacks &#8211; do tego typu zachodnich miejsc nie mo\u017cemy chodzi\u0107.\u201d &#8211; <\/em>Gejsza<\/p>\n<p>&nbsp;<\/p>\n<p><em>\u201eMoje refleksje s\u0105 takie, \u017ce Japo\u0144czycy s\u0105 bardzo, bardzo religijnym krajem. Wiadomo, jest to dziwne stwierdzenie, ale s\u0105 bardzo religijnym krajem. W sensie duchowym.\u201d &#8211; <\/em>Siostra Aneta<\/p>\n<p>&nbsp;<\/p>\n<p><em>\u201eSkoro jest 8 miliard\u00f3w ludzi to jest 8 miliard\u00f3w spos\u00f3b na postrzeganie rzeczy i w buddyzmie nie ma narzucania pogl\u0105du\u201d &#8211; <\/em>Mnich buddyjski<\/p>\n","protected":false},"featured_media":7066,"comment_status":"closed","ping_status":"closed","template":"","meta":[],"product_cat":[62],"product_tag":[],"yoast_head":"<!-- This site is optimized with the Yoast SEO plugin v21.7 - https:\/\/yoast.com\/wordpress\/plugins\/seo\/ -->\n<title>Ebook Nasza Japonia. - M\u00f3j Blog<\/title>\n<meta name=\"description\" content=\"Podstawowy przewodnik przed podr\u00f3\u017c\u0105 do Japonii. Dowiesz si\u0119 z niego jak prze\u017cy\u0107 przygod\u0119 swojego \u017cycia w Japonii bez wchodzenia w szczeg\u00f3\u0142y.\" \/>\n<meta name=\"robots\" content=\"index, follow, max-snippet:-1, max-image-preview:large, max-video-preview:-1\" \/>\n<link rel=\"canonical\" href=\"https:\/\/miyazaki.pl\/index.php\/produkt\/ebook-nasza-japonia\/\" \/>\n<meta property=\"og:locale\" content=\"pl_PL\" \/>\n<meta property=\"og:type\" content=\"article\" \/>\n<meta property=\"og:title\" content=\"Ebook Nasza Japonia. - M\u00f3j Blog\" \/>\n<meta property=\"og:description\" content=\"Podstawowy przewodnik przed podr\u00f3\u017c\u0105 do Japonii. Dowiesz si\u0119 z niego jak prze\u017cy\u0107 przygod\u0119 swojego \u017cycia w Japonii bez wchodzenia w szczeg\u00f3\u0142y.\" \/>\n<meta property=\"og:url\" content=\"https:\/\/miyazaki.pl\/index.php\/produkt\/ebook-nasza-japonia\/\" \/>\n<meta property=\"og:site_name\" content=\"M\u00f3j Blog\" \/>\n<meta property=\"article:modified_time\" content=\"2025-03-24T10:03:00+00:00\" \/>\n<meta property=\"og:image\" content=\"https:\/\/miyazaki.pl\/wp-content\/uploads\/2024\/10\/NaszaJaponia_okl_wk_07_VIS_ipad.jpg\" \/>\n\t<meta property=\"og:image:width\" content=\"1449\" \/>\n\t<meta property=\"og:image:height\" content=\"1497\" \/>\n\t<meta property=\"og:image:type\" content=\"image\/jpeg\" \/>\n<meta name=\"twitter:card\" content=\"summary_large_image\" \/>\n<meta name=\"twitter:label1\" content=\"Szacowany czas czytania\" \/>\n\t<meta name=\"twitter:data1\" content=\"1 minuta\" \/>\n<script type=\"application\/ld+json\" class=\"yoast-schema-graph\">{\"@context\":\"https:\/\/schema.org\",\"@graph\":[{\"@type\":\"WebPage\",\"@id\":\"https:\/\/miyazaki.pl\/index.php\/produkt\/ebook-nasza-japonia\/\",\"url\":\"https:\/\/miyazaki.pl\/index.php\/produkt\/ebook-nasza-japonia\/\",\"name\":\"Ebook Nasza Japonia. - M\u00f3j Blog\",\"isPartOf\":{\"@id\":\"https:\/\/miyazaki.pl\/#website\"},\"datePublished\":\"2024-10-16T12:22:26+00:00\",\"dateModified\":\"2025-03-24T10:03:00+00:00\",\"description\":\"Podstawowy przewodnik przed podr\u00f3\u017c\u0105 do Japonii. Dowiesz si\u0119 z niego jak prze\u017cy\u0107 przygod\u0119 swojego \u017cycia w Japonii bez wchodzenia w szczeg\u00f3\u0142y.\",\"breadcrumb\":{\"@id\":\"https:\/\/miyazaki.pl\/index.php\/produkt\/ebook-nasza-japonia\/#breadcrumb\"},\"inLanguage\":\"pl-PL\",\"potentialAction\":[{\"@type\":\"ReadAction\",\"target\":[\"https:\/\/miyazaki.pl\/index.php\/produkt\/ebook-nasza-japonia\/\"]}]},{\"@type\":\"BreadcrumbList\",\"@id\":\"https:\/\/miyazaki.pl\/index.php\/produkt\/ebook-nasza-japonia\/#breadcrumb\",\"itemListElement\":[{\"@type\":\"ListItem\",\"position\":1,\"name\":\"Strona g\u0142\u00f3wna\",\"item\":\"https:\/\/miyazaki.pl\/\"},{\"@type\":\"ListItem\",\"position\":2,\"name\":\"Sklep\",\"item\":\"https:\/\/miyazaki.pl\/index.php\/sklep\/\"},{\"@type\":\"ListItem\",\"position\":3,\"name\":\"Ebook Nasza Japonia.\"}]},{\"@type\":\"WebSite\",\"@id\":\"https:\/\/miyazaki.pl\/#website\",\"url\":\"https:\/\/miyazaki.pl\/\",\"name\":\"M\u00f3j Blog\",\"description\":\"Miyazaki86\",\"potentialAction\":[{\"@type\":\"SearchAction\",\"target\":{\"@type\":\"EntryPoint\",\"urlTemplate\":\"https:\/\/miyazaki.pl\/?s={search_term_string}\"},\"query-input\":\"required name=search_term_string\"}],\"inLanguage\":\"pl-PL\"}]}<\/script>\n<!-- \/ Yoast SEO plugin. -->","yoast_head_json":{"title":"Ebook Nasza Japonia. - M\u00f3j Blog","description":"Podstawowy przewodnik przed podr\u00f3\u017c\u0105 do Japonii. Dowiesz si\u0119 z niego jak prze\u017cy\u0107 przygod\u0119 swojego \u017cycia w Japonii bez wchodzenia w szczeg\u00f3\u0142y.","robots":{"index":"index","follow":"follow","max-snippet":"max-snippet:-1","max-image-preview":"max-image-preview:large","max-video-preview":"max-video-preview:-1"},"canonical":"https:\/\/miyazaki.pl\/index.php\/produkt\/ebook-nasza-japonia\/","og_locale":"pl_PL","og_type":"article","og_title":"Ebook Nasza Japonia. - M\u00f3j Blog","og_description":"Podstawowy przewodnik przed podr\u00f3\u017c\u0105 do Japonii. Dowiesz si\u0119 z niego jak prze\u017cy\u0107 przygod\u0119 swojego \u017cycia w Japonii bez wchodzenia w szczeg\u00f3\u0142y.","og_url":"https:\/\/miyazaki.pl\/index.php\/produkt\/ebook-nasza-japonia\/","og_site_name":"M\u00f3j Blog","article_modified_time":"2025-03-24T10:03:00+00:00","og_image":[{"width":1449,"height":1497,"url":"https:\/\/miyazaki.pl\/wp-content\/uploads\/2024\/10\/NaszaJaponia_okl_wk_07_VIS_ipad.jpg","type":"image\/jpeg"}],"twitter_card":"summary_large_image","twitter_misc":{"Szacowany czas czytania":"1 minuta"},"schema":{"@context":"https:\/\/schema.org","@graph":[{"@type":"WebPage","@id":"https:\/\/miyazaki.pl\/index.php\/produkt\/ebook-nasza-japonia\/","url":"https:\/\/miyazaki.pl\/index.php\/produkt\/ebook-nasza-japonia\/","name":"Ebook Nasza Japonia. - M\u00f3j Blog","isPartOf":{"@id":"https:\/\/miyazaki.pl\/#website"},"datePublished":"2024-10-16T12:22:26+00:00","dateModified":"2025-03-24T10:03:00+00:00","description":"Podstawowy przewodnik przed podr\u00f3\u017c\u0105 do Japonii. Dowiesz si\u0119 z niego jak prze\u017cy\u0107 przygod\u0119 swojego \u017cycia w Japonii bez wchodzenia w szczeg\u00f3\u0142y.","breadcrumb":{"@id":"https:\/\/miyazaki.pl\/index.php\/produkt\/ebook-nasza-japonia\/#breadcrumb"},"inLanguage":"pl-PL","potentialAction":[{"@type":"ReadAction","target":["https:\/\/miyazaki.pl\/index.php\/produkt\/ebook-nasza-japonia\/"]}]},{"@type":"BreadcrumbList","@id":"https:\/\/miyazaki.pl\/index.php\/produkt\/ebook-nasza-japonia\/#breadcrumb","itemListElement":[{"@type":"ListItem","position":1,"name":"Strona g\u0142\u00f3wna","item":"https:\/\/miyazaki.pl\/"},{"@type":"ListItem","position":2,"name":"Sklep","item":"https:\/\/miyazaki.pl\/index.php\/sklep\/"},{"@type":"ListItem","position":3,"name":"Ebook Nasza Japonia."}]},{"@type":"WebSite","@id":"https:\/\/miyazaki.pl\/#website","url":"https:\/\/miyazaki.pl\/","name":"M\u00f3j Blog","description":"Miyazaki86","potentialAction":[{"@type":"SearchAction","target":{"@type":"EntryPoint","urlTemplate":"https:\/\/miyazaki.pl\/?s={search_term_string}"},"query-input":"required name=search_term_string"}],"inLanguage":"pl-PL"}]}},"_links":{"self":[{"href":"https:\/\/miyazaki.pl\/index.php\/wp-json\/wp\/v2\/product\/7065"}],"collection":[{"href":"https:\/\/miyazaki.pl\/index.php\/wp-json\/wp\/v2\/product"}],"about":[{"href":"https:\/\/miyazaki.pl\/index.php\/wp-json\/wp\/v2\/types\/product"}],"replies":[{"embeddable":true,"href":"https:\/\/miyazaki.pl\/index.php\/wp-json\/wp\/v2\/comments?post=7065"}],"wp:featuredmedia":[{"embeddable":true,"href":"https:\/\/miyazaki.pl\/index.php\/wp-json\/wp\/v2\/media\/7066"}],"wp:attachment":[{"href":"https:\/\/miyazaki.pl\/index.php\/wp-json\/wp\/v2\/media?parent=7065"}],"wp:term":[{"taxonomy":"product_cat","embeddable":true,"href":"https:\/\/miyazaki.pl\/index.php\/wp-json\/wp\/v2\/product_cat?post=7065"},{"taxonomy":"product_tag","embeddable":true,"href":"https:\/\/miyazaki.pl\/index.php\/wp-json\/wp\/v2\/product_tag?post=7065"}],"curies":[{"name":"wp","href":"https:\/\/api.w.org\/{rel}","templated":true}]}}